{"id":9386,"date":"2023-04-03T09:00:36","date_gmt":"2023-04-03T13:00:36","guid":{"rendered":"https:\/\/patrimoinepotton.org\/?page_id=9386"},"modified":"2023-04-23T08:45:09","modified_gmt":"2023-04-23T12:45:09","slug":"options-de-recherche","status":"publish","type":"page","link":"https:\/\/patrimoinepotton.org\/?page_id=9386","title":{"rendered":"Options de recherche"},"content":{"rendered":"<form role=\"search\" method=\"get\" action=\"https:\/\/patrimoinepotton.org\/\" class=\"wp-block-search__button-outside wp-block-search__icon-button wp-block-search\"    ><label class=\"wp-block-search__label screen-reader-text\" for=\"wp-block-search__input-1\" >Rechercher<\/label><div class=\"wp-block-search__inside-wrapper\" ><input class=\"wp-block-search__input\" id=\"wp-block-search__input-1\" placeholder=\"\" value=\"\" type=\"search\" name=\"s\" required  style=\"border-width: 1px;border-radius: 0px\"\/><button aria-label=\"Rechercher\" class=\"wp-block-search__button has-icon wp-element-button\" type=\"submit\"  style=\"border-width: 1px;border-radius: 0px\"><svg class=\"search-icon\" viewBox=\"0 0 24 24\" width=\"24\" height=\"24\">\n\t\t\t\t\t<path d=\"M13 5c-3.3 0-6 2.7-6 6 0 1.4.5 2.7 1.3 3.7l-3.8 3.8 1.1 1.1 3.8-3.8c1 .8 2.3 1.3 3.7 1.3 3.3 0 6-2.7 6-6S16.3 5 13 5zm0 10.5c-2.5 0-4.5-2-4.5-4.5s2-4.5 4.5-4.5 4.5 2 4.5 4.5-2 4.5-4.5 4.5z\"><\/path>\n\t\t\t\t<\/svg><\/button><\/div><\/form>\n\n\n<h4 class=\"wp-block-heading\">Cat\u00e9gories<\/h4>\n\n\n<p class=\"wp-block-tag-cloud\"><a href=\"https:\/\/patrimoinepotton.org\/?cat=11\" class=\"tag-cloud-link tag-link-11 tag-link-position-1\" style=\"font-size: 18.565217391304pt;\" aria-label=\"Activit\u00e9s (31 \u00e9l\u00e9ments)\">Activit\u00e9s<span class=\"tag-link-count\"> (31)<\/span><\/a>\n<a href=\"https:\/\/patrimoinepotton.org\/?cat=22\" class=\"tag-cloud-link tag-link-22 tag-link-position-2\" style=\"font-size: 14.086956521739pt;\" aria-label=\"CA (2 \u00e9l\u00e9ments)\">CA<span class=\"tag-link-count\"> (2)<\/span><\/a>\n<a href=\"https:\/\/patrimoinepotton.org\/?cat=40\" class=\"tag-cloud-link tag-link-40 tag-link-position-3\" style=\"font-size: 20pt;\" aria-label=\"Communication (68 \u00e9l\u00e9ments)\">Communication<span class=\"tag-link-count\"> (68)<\/span><\/a>\n<a href=\"https:\/\/patrimoinepotton.org\/?cat=5\" class=\"tag-cloud-link tag-link-5 tag-link-position-4\" style=\"font-size: 19.869565217391pt;\" aria-label=\"Communiqu\u00e9s (63 \u00e9l\u00e9ments)\">Communiqu\u00e9s<span class=\"tag-link-count\"> (63)<\/span><\/a>\n<a href=\"https:\/\/patrimoinepotton.org\/?cat=13\" class=\"tag-cloud-link tag-link-13 tag-link-position-5\" style=\"font-size: 15.04347826087pt;\" aria-label=\"Conf\u00e9rences (4 \u00e9l\u00e9ments)\">Conf\u00e9rences<span class=\"tag-link-count\"> (4)<\/span><\/a>\n<a href=\"https:\/\/patrimoinepotton.org\/?cat=41\" class=\"tag-cloud-link tag-link-41 tag-link-position-6\" style=\"font-size: 18.652173913043pt;\" aria-label=\"Courriels (33 \u00e9l\u00e9ments)\">Courriels<span class=\"tag-link-count\"> (33)<\/span><\/a>\n<a href=\"https:\/\/patrimoinepotton.org\/?cat=44\" class=\"tag-cloud-link tag-link-44 tag-link-position-7\" style=\"font-size: 16.130434782609pt;\" aria-label=\"Documentation (8 \u00e9l\u00e9ments)\">Documentation<span class=\"tag-link-count\"> (8)<\/span><\/a>\n<a href=\"https:\/\/patrimoinepotton.org\/?cat=12\" class=\"tag-cloud-link tag-link-12 tag-link-position-8\" style=\"font-size: 18.565217391304pt;\" aria-label=\"Excursions (31 \u00e9l\u00e9ments)\">Excursions<span class=\"tag-link-count\"> (31)<\/span><\/a>\n<a href=\"https:\/\/patrimoinepotton.org\/?cat=14\" class=\"tag-cloud-link tag-link-14 tag-link-position-9\" style=\"font-size: 16.521739130435pt;\" aria-label=\"Expositions (10 \u00e9l\u00e9ments)\">Expositions<span class=\"tag-link-count\"> (10)<\/span><\/a>\n<a href=\"https:\/\/patrimoinepotton.org\/?cat=42\" class=\"tag-cloud-link tag-link-42 tag-link-position-10\" style=\"font-size: 12pt;\" aria-label=\"Gestion (0 \u00e9l\u00e9ment)\">Gestion<span class=\"tag-link-count\"> (0)<\/span><\/a>\n<a href=\"https:\/\/patrimoinepotton.org\/?cat=37\" class=\"tag-cloud-link tag-link-37 tag-link-position-11\" style=\"font-size: 17.130434782609pt;\" aria-label=\"Photos (14 \u00e9l\u00e9ments)\">Photos<span class=\"tag-link-count\"> (14)<\/span><\/a>\n<a href=\"https:\/\/patrimoinepotton.org\/?cat=43\" class=\"tag-cloud-link tag-link-43 tag-link-position-12\" style=\"font-size: 16.521739130435pt;\" aria-label=\"Publications (10 \u00e9l\u00e9ments)\">Publications<span class=\"tag-link-count\"> (10)<\/span><\/a>\n<a href=\"https:\/\/patrimoinepotton.org\/?cat=36\" class=\"tag-cloud-link tag-link-36 tag-link-position-13\" style=\"font-size: 15.391304347826pt;\" aria-label=\"Spectacles (5 \u00e9l\u00e9ments)\">Spectacles<span class=\"tag-link-count\"> (5)<\/span><\/a>\n<a href=\"https:\/\/patrimoinepotton.org\/?cat=25\" class=\"tag-cloud-link tag-link-25 tag-link-position-14\" style=\"font-size: 13.304347826087pt;\" aria-label=\"Webmestre (1 \u00e9l\u00e9ment)\">Webmestre<span class=\"tag-link-count\"> (1)<\/span><\/a><\/p>\n\n\n<h4 class=\"wp-block-heading\">\u00c9tiquettes<\/h4>\n\n\n<p class=\"wp-block-tag-cloud\"><a href=\"https:\/\/patrimoinepotton.org\/?tag=activites\" class=\"tag-cloud-link tag-link-97 tag-link-position-1\" style=\"font-size: 16.571428571429pt;\" aria-label=\"Activit\u00e9s (4 \u00e9l\u00e9ments)\">Activit\u00e9s<span class=\"tag-link-count\"> (4)<\/span><\/a>\n<a href=\"https:\/\/patrimoinepotton.org\/?tag=aga\" class=\"tag-cloud-link tag-link-95 tag-link-position-2\" style=\"font-size: 17.485714285714pt;\" aria-label=\"AGA (5 \u00e9l\u00e9ments)\">AGA<span class=\"tag-link-count\"> (5)<\/span><\/a>\n<a href=\"https:\/\/patrimoinepotton.org\/?tag=archives-photos\" class=\"tag-cloud-link tag-link-129 tag-link-position-3\" style=\"font-size: 12pt;\" aria-label=\"Archives photos (1 \u00e9l\u00e9ment)\">Archives photos<span class=\"tag-link-count\"> (1)<\/span><\/a>\n<a href=\"https:\/\/patrimoinepotton.org\/?tag=baladodecouverte\" class=\"tag-cloud-link tag-link-111 tag-link-position-4\" style=\"font-size: 12pt;\" aria-label=\"BaladoD\u00e9couverte (1 \u00e9l\u00e9ment)\">BaladoD\u00e9couverte<span class=\"tag-link-count\"> (1)<\/span><\/a>\n<a href=\"https:\/\/patrimoinepotton.org\/?tag=bibliotheque-numerique\" class=\"tag-cloud-link tag-link-89 tag-link-position-5\" style=\"font-size: 14.057142857143pt;\" aria-label=\"Biblioth\u00e8que num\u00e9rique (2 \u00e9l\u00e9ments)\">Biblioth\u00e8que num\u00e9rique<span class=\"tag-link-count\"> (2)<\/span><\/a>\n<a href=\"https:\/\/patrimoinepotton.org\/?tag=brochures\" class=\"tag-cloud-link tag-link-99 tag-link-position-6\" style=\"font-size: 14.057142857143pt;\" aria-label=\"Brochures (2 \u00e9l\u00e9ments)\">Brochures<span class=\"tag-link-count\"> (2)<\/span><\/a>\n<a href=\"https:\/\/patrimoinepotton.org\/?tag=ca\" class=\"tag-cloud-link tag-link-105 tag-link-position-7\" style=\"font-size: 16.571428571429pt;\" aria-label=\"CA (4 \u00e9l\u00e9ments)\">CA<span class=\"tag-link-count\"> (4)<\/span><\/a>\n<a href=\"https:\/\/patrimoinepotton.org\/?tag=communications\" class=\"tag-cloud-link tag-link-127 tag-link-position-8\" style=\"font-size: 12pt;\" aria-label=\"Communications (1 \u00e9l\u00e9ment)\">Communications<span class=\"tag-link-count\"> (1)<\/span><\/a>\n<a href=\"https:\/\/patrimoinepotton.org\/?tag=concours-photos\" class=\"tag-cloud-link tag-link-101 tag-link-position-9\" style=\"font-size: 20pt;\" aria-label=\"Concours photos (9 \u00e9l\u00e9ments)\">Concours photos<span class=\"tag-link-count\"> (9)<\/span><\/a>\n<a href=\"https:\/\/patrimoinepotton.org\/?tag=courriels\" class=\"tag-cloud-link tag-link-126 tag-link-position-10\" style=\"font-size: 14.057142857143pt;\" aria-label=\"Courriels (2 \u00e9l\u00e9ments)\">Courriels<span class=\"tag-link-count\"> (2)<\/span><\/a>\n<a href=\"https:\/\/patrimoinepotton.org\/?tag=excursion\" class=\"tag-cloud-link tag-link-96 tag-link-position-11\" style=\"font-size: 19.428571428571pt;\" aria-label=\"Excursions (8 \u00e9l\u00e9ments)\">Excursions<span class=\"tag-link-count\"> (8)<\/span><\/a>\n<a href=\"https:\/\/patrimoinepotton.org\/?tag=exposition\" class=\"tag-cloud-link tag-link-112 tag-link-position-12\" style=\"font-size: 12pt;\" aria-label=\"Exposition (1 \u00e9l\u00e9ment)\">Exposition<span class=\"tag-link-count\"> (1)<\/span><\/a>\n<a href=\"https:\/\/patrimoinepotton.org\/?tag=expositions\" class=\"tag-cloud-link tag-link-100 tag-link-position-13\" style=\"font-size: 19.428571428571pt;\" aria-label=\"Expositions (8 \u00e9l\u00e9ments)\">Expositions<span class=\"tag-link-count\"> (8)<\/span><\/a>\n<a href=\"https:\/\/patrimoinepotton.org\/?tag=grange-ronde\" class=\"tag-cloud-link tag-link-102 tag-link-position-14\" style=\"font-size: 15.428571428571pt;\" aria-label=\"Grange ronde (3 \u00e9l\u00e9ments)\">Grange ronde<span class=\"tag-link-count\"> (3)<\/span><\/a>\n<a href=\"https:\/\/patrimoinepotton.org\/?tag=hommages\" class=\"tag-cloud-link tag-link-107 tag-link-position-15\" style=\"font-size: 15.428571428571pt;\" aria-label=\"Hommages (3 \u00e9l\u00e9ments)\">Hommages<span class=\"tag-link-count\"> (3)<\/span><\/a>\n<a href=\"https:\/\/patrimoinepotton.org\/?tag=hph\" class=\"tag-cloud-link tag-link-98 tag-link-position-16\" style=\"font-size: 15.428571428571pt;\" aria-label=\"HPH (3 \u00e9l\u00e9ments)\">HPH<span class=\"tag-link-count\"> (3)<\/span><\/a>\n<a href=\"https:\/\/patrimoinepotton.org\/?tag=laureats\" class=\"tag-cloud-link tag-link-108 tag-link-position-17\" style=\"font-size: 12pt;\" aria-label=\"Laur\u00e9ats (1 \u00e9l\u00e9ment)\">Laur\u00e9ats<span class=\"tag-link-count\"> (1)<\/span><\/a>\n<a href=\"https:\/\/patrimoinepotton.org\/?tag=montagnes\" class=\"tag-cloud-link tag-link-94 tag-link-position-18\" style=\"font-size: 12pt;\" aria-label=\"Montagnes (1 \u00e9l\u00e9ment)\">Montagnes<span class=\"tag-link-count\"> (1)<\/span><\/a>\n<a href=\"https:\/\/patrimoinepotton.org\/?tag=patrimoine\" class=\"tag-cloud-link tag-link-128 tag-link-position-19\" style=\"font-size: 12pt;\" aria-label=\"Patrimoine (1 \u00e9l\u00e9ment)\">Patrimoine<span class=\"tag-link-count\"> (1)<\/span><\/a>\n<a href=\"https:\/\/patrimoinepotton.org\/?tag=photos\" class=\"tag-cloud-link tag-link-124 tag-link-position-20\" style=\"font-size: 12pt;\" aria-label=\"Photos (1 \u00e9l\u00e9ment)\">Photos<span class=\"tag-link-count\"> (1)<\/span><\/a>\n<a href=\"https:\/\/patrimoinepotton.org\/?tag=pont-couvert\" class=\"tag-cloud-link tag-link-115 tag-link-position-21\" style=\"font-size: 16.571428571429pt;\" aria-label=\"Pont couvert (4 \u00e9l\u00e9ments)\">Pont couvert<span class=\"tag-link-count\"> (4)<\/span><\/a>\n<a href=\"https:\/\/patrimoinepotton.org\/?tag=publications\" class=\"tag-cloud-link tag-link-125 tag-link-position-22\" style=\"font-size: 14.057142857143pt;\" aria-label=\"Publications (2 \u00e9l\u00e9ments)\">Publications<span class=\"tag-link-count\"> (2)<\/span><\/a>\n<a href=\"https:\/\/patrimoinepotton.org\/?tag=tours-guides\" class=\"tag-cloud-link tag-link-110 tag-link-position-23\" style=\"font-size: 12pt;\" aria-label=\"Tours guid\u00e9s (1 \u00e9l\u00e9ment)\">Tours guid\u00e9s<span class=\"tag-link-count\"> (1)<\/span><\/a>\n<a href=\"https:\/\/patrimoinepotton.org\/?tag=vernissage\" class=\"tag-cloud-link tag-link-90 tag-link-position-24\" style=\"font-size: 14.057142857143pt;\" aria-label=\"Vernissage (2 \u00e9l\u00e9ments)\">Vernissage<span class=\"tag-link-count\"> (2)<\/span><\/a>\n<a href=\"https:\/\/patrimoinepotton.org\/?tag=videos\" class=\"tag-cloud-link tag-link-104 tag-link-position-25\" style=\"font-size: 12pt;\" aria-label=\"Vid\u00e9os (1 \u00e9l\u00e9ment)\">Vid\u00e9os<span class=\"tag-link-count\"> (1)<\/span><\/a>\n<a href=\"https:\/\/patrimoinepotton.org\/?tag=visites-guidees\" class=\"tag-cloud-link tag-link-106 tag-link-position-26\" style=\"font-size: 12pt;\" aria-label=\"Visites guid\u00e9es (1 \u00e9l\u00e9ment)\">Visites guid\u00e9es<span class=\"tag-link-count\"> (1)<\/span><\/a>\n<a href=\"https:\/\/patrimoinepotton.org\/?tag=voeux\" class=\"tag-cloud-link tag-link-92 tag-link-position-27\" style=\"font-size: 15.428571428571pt;\" aria-label=\"Voeux (3 \u00e9l\u00e9ments)\">Voeux<span class=\"tag-link-count\"> (3)<\/span><\/a>\n<a href=\"https:\/\/patrimoinepotton.org\/?tag=webmestre\" class=\"tag-cloud-link tag-link-103 tag-link-position-28\" style=\"font-size: 12pt;\" aria-label=\"Webmestre (1 \u00e9l\u00e9ment)\">Webmestre<span class=\"tag-link-count\"> (1)<\/span><\/a><\/p>\n\n\n<h4 class=\"wp-block-heading\">\u00c9v\u00e8nements<\/h4>\n\n\n<p class=\"wp-block-tag-cloud\">Il n\u2019y a aucun contenu \u00e0 afficher ici pour l\u2019instant.<\/p>\n\n\n<h4 class=\"wp-block-heading\">Archives<\/h4>\n\n\n<div class=\"wp-block-archives-dropdown wp-block-archives\"><label for=\"wp-block-archives-2\" class=\"wp-block-archives__label screen-reader-text\">Archives<\/label>\n\t\t<select id=\"wp-block-archives-2\" name=\"archive-dropdown\">\n\t\t<option value=\"\">S\u00e9lectionner l\u2019ann\u00e9e<\/option>\t<option value='https:\/\/patrimoinepotton.org\/?m=2026'> 2026 &nbsp;(2)<\/option>\n\t<option value='https:\/\/patrimoinepotton.org\/?m=2025'> 2025 &nbsp;(12)<\/option>\n\t<option value='https:\/\/patrimoinepotton.org\/?m=2024'> 2024 &nbsp;(14)<\/option>\n\t<option value='https:\/\/patrimoinepotton.org\/?m=2023'> 2023 &nbsp;(17)<\/option>\n\t<option value='https:\/\/patrimoinepotton.org\/?m=2022'> 2022 &nbsp;(8)<\/option>\n\t<option value='https:\/\/patrimoinepotton.org\/?m=2021'> 2021 &nbsp;(8)<\/option>\n\t<option value='https:\/\/patrimoinepotton.org\/?m=2020'> 2020 &nbsp;(11)<\/option>\n\t<option value='https:\/\/patrimoinepotton.org\/?m=2019'> 2019 &nbsp;(15)<\/option>\n\t<option value='https:\/\/patrimoinepotton.org\/?m=2018'> 2018 &nbsp;(16)<\/option>\n\t<option value='https:\/\/patrimoinepotton.org\/?m=2017'> 2017 &nbsp;(12)<\/option>\n\t<option value='https:\/\/patrimoinepotton.org\/?m=2016'> 2016 &nbsp;(16)<\/option>\n\t<option value='https:\/\/patrimoinepotton.org\/?m=2015'> 2015 &nbsp;(14)<\/option>\n\t<option value='https:\/\/patrimoinepotton.org\/?m=2014'> 2014 &nbsp;(10)<\/option>\n\t<option value='https:\/\/patrimoinepotton.org\/?m=2013'> 2013 &nbsp;(8)<\/option>\n\t<option value='https:\/\/patrimoinepotton.org\/?m=2012'> 2012 &nbsp;(11)<\/option>\n\t<option value='https:\/\/patrimoinepotton.org\/?m=2011'> 2011 &nbsp;(21)<\/option>\n\t<option value='https:\/\/patrimoinepotton.org\/?m=2010'> 2010 &nbsp;(16)<\/option>\n<\/select><script>\n( ( [ dropdownId, homeUrl ] ) => {\n\t\tconst dropdown = document.getElementById( dropdownId );\n\t\tfunction onSelectChange() {\n\t\t\tsetTimeout( () => {\n\t\t\t\tif ( 'escape' === dropdown.dataset.lastkey ) {\n\t\t\t\t\treturn;\n\t\t\t\t}\n\t\t\t\tif ( dropdown.value ) {\n\t\t\t\t\tlocation.href = dropdown.value;\n\t\t\t\t}\n\t\t\t}, 250 );\n\t\t}\n\t\tfunction onKeyUp( event ) {\n\t\t\tif ( 'Escape' === event.key ) {\n\t\t\t\tdropdown.dataset.lastkey = 'escape';\n\t\t\t} else {\n\t\t\t\tdelete dropdown.dataset.lastkey;\n\t\t\t}\n\t\t}\n\t\tfunction onClick() {\n\t\t\tdelete dropdown.dataset.lastkey;\n\t\t}\n\t\tdropdown.addEventListener( 'keyup', onKeyUp );\n\t\tdropdown.addEventListener( 'click', onClick );\n\t\tdropdown.addEventListener( 'change', onSelectChange );\n\t} )( [\"wp-block-archives-2\",\"https:\/\/patrimoinepotton.org\"] );\n\/\/# sourceURL=block_core_archives_build_dropdown_script\n<\/script>\n<\/div>","protected":false},"excerpt":{"rendered":"<p>Cat\u00e9gories \u00c9tiquettes \u00c9v\u00e8nements Archives<\/p>\n","protected":false},"author":5,"featured_media":0,"parent":9273,"menu_order":0,"comment_status":"closed","ping_status":"closed","template":"","meta":{"ngg_post_thumbnail":0,"_mc_calendar":[],"footnotes":""},"class_list":["post-9386","page","type-page","status-publish","hentry"],"_links":{"self":[{"href":"https:\/\/patrimoinepotton.org\/index.php?rest_route=\/wp\/v2\/pages\/9386","targetHints":{"allow":["GET"]}}],"collection":[{"href":"https:\/\/patrimoinepotton.org\/index.php?rest_route=\/wp\/v2\/pages"}],"about":[{"href":"https:\/\/patrimoinepotton.org\/index.php?rest_route=\/wp\/v2\/types\/page"}],"author":[{"embeddable":true,"href":"https:\/\/patrimoinepotton.org\/index.php?rest_route=\/wp\/v2\/users\/5"}],"replies":[{"embeddable":true,"href":"https:\/\/patrimoinepotton.org\/index.php?rest_route=%2Fwp%2Fv2%2Fcomments&post=9386"}],"version-history":[{"count":0,"href":"https:\/\/patrimoinepotton.org\/index.php?rest_route=\/wp\/v2\/pages\/9386\/revisions"}],"up":[{"embeddable":true,"href":"https:\/\/patrimoinepotton.org\/index.php?rest_route=\/wp\/v2\/pages\/9273"}],"wp:attachment":[{"href":"https:\/\/patrimoinepotton.org\/index.php?rest_route=%2Fwp%2Fv2%2Fmedia&parent=9386"}],"curies":[{"name":"wp","href":"https:\/\/api.w.org\/{rel}","templated":true}]}}